{"id":335,"date":"2017-12-04T13:17:20","date_gmt":"2017-12-04T12:17:20","guid":{"rendered":"http:\/\/www.dax-metallform.de\/V2\/?page_id=335"},"modified":"2022-09-26T17:25:39","modified_gmt":"2022-09-26T15:25:39","slug":"ausbildung-2","status":"publish","type":"page","link":"https:\/\/www.dax-metallform.de\/?page_id=335","title":{"rendered":"Ausbildung"},"content":{"rendered":"<div id=\"cs-content\" class=\"cs-content\"><\/div>\n","protected":false},"excerpt":{"rendered":"<p>AusbildungDer Motor unseres Erfolgs: unsere Mitarbeiter! Gut ausgebildet und fachlich kompetent arbeiten sie t\u00e4glich f\u00fcr unseren gemeinsamen Fortschritt und die Qualit\u00e4t, f\u00fcr die wir stehen. Mit \u00fcber 140 Mitarbeiter:innen sind wir im Raum Cochem einer der gr\u00f6\u00dften Arbeitgeber. Damit wir auch in Zukunft erfolgreich bleiben, brauchen wir bestens ausgebildete Fachkr\u00e4fte. Engagierte Menschen, die von Neuem genauso fasziniert sind wie wir. &#8230;<\/p>\n","protected":false},"author":1,"featured_media":0,"parent":0,"menu_order":0,"comment_status":"closed","ping_status":"closed","template":"template-blank-4.php","meta":{"footnotes":""},"class_list":["post-335","page","type-page","status-publish","hentry","no-post-thumbnail"],"yoast_head":"<!-- This site is optimized with the Yoast SEO plugin v26.8 - https:\/\/yoast.com\/product\/yoast-seo-wordpress\/ -->\n<title>Ausbildung - DAX MetallForm in Cochem Brauheck.<\/title>\n<meta name=\"description\" content=\"Mit 140 Mitarbeiter:innen sind wir im Raum Cochem einer der gro\u00dfen Arbeitgeber. Ausbildung zum Metallbauer m\/w\/d. Jetzt bewerben!\" \/>\n<meta name=\"robots\" content=\"index, follow, max-snippet:-1, max-image-preview:large, max-video-preview:-1\" \/>\n<link rel=\"canonical\" href=\"https:\/\/www.dax-metallform.de\/?page_id=335\" \/>\n<meta property=\"og:locale\" content=\"de_DE\" \/>\n<meta property=\"og:type\" content=\"article\" \/>\n<meta property=\"og:title\" content=\"Ausbildung - DAX MetallForm in Cochem Brauheck.\" \/>\n<meta property=\"og:description\" content=\"Mit 140 Mitarbeiter:innen sind wir im Raum Cochem einer der gro\u00dfen Arbeitgeber. Ausbildung zum Metallbauer m\/w\/d. Jetzt bewerben!\" \/>\n<meta property=\"og:url\" content=\"https:\/\/www.dax-metallform.de\/?page_id=335\" \/>\n<meta property=\"og:site_name\" content=\"DAX MetallForm GmbH &amp; Co. KG | Sonderl\u00f6sungen in Blech und Metall.\" \/>\n<meta property=\"article:modified_time\" content=\"2022-09-26T15:25:39+00:00\" \/>\n<meta name=\"twitter:card\" content=\"summary_large_image\" \/>\n<meta name=\"twitter:label1\" content=\"Gesch\u00e4tzte Lesezeit\" \/>\n\t<meta name=\"twitter:data1\" content=\"6\u00a0Minuten\" \/>\n<script type=\"application\/ld+json\" class=\"yoast-schema-graph\">{\"@context\":\"https:\/\/schema.org\",\"@graph\":[{\"@type\":\"WebPage\",\"@id\":\"https:\/\/www.dax-metallform.de\/?page_id=335\",\"url\":\"https:\/\/www.dax-metallform.de\/?page_id=335\",\"name\":\"Ausbildung - DAX MetallForm in Cochem Brauheck.\",\"isPartOf\":{\"@id\":\"https:\/\/www.dax-metallform.de\/#website\"},\"datePublished\":\"2017-12-04T12:17:20+00:00\",\"dateModified\":\"2022-09-26T15:25:39+00:00\",\"description\":\"Mit 140 Mitarbeiter:innen sind wir im Raum Cochem einer der gro\u00dfen Arbeitgeber. Ausbildung zum Metallbauer m\/w\/d. Jetzt bewerben!\",\"breadcrumb\":{\"@id\":\"https:\/\/www.dax-metallform.de\/?page_id=335#breadcrumb\"},\"inLanguage\":\"de\",\"potentialAction\":[{\"@type\":\"ReadAction\",\"target\":[\"https:\/\/www.dax-metallform.de\/?page_id=335\"]}]},{\"@type\":\"BreadcrumbList\",\"@id\":\"https:\/\/www.dax-metallform.de\/?page_id=335#breadcrumb\",\"itemListElement\":[{\"@type\":\"ListItem\",\"position\":1,\"name\":\"Startseite\",\"item\":\"https:\/\/www.dax-metallform.de\/\"},{\"@type\":\"ListItem\",\"position\":2,\"name\":\"Ausbildung\"}]},{\"@type\":\"WebSite\",\"@id\":\"https:\/\/www.dax-metallform.de\/#website\",\"url\":\"https:\/\/www.dax-metallform.de\/\",\"name\":\"DAX MetallForm GmbH &amp; Co. KG | Sonderl\u00f6sungen in Blech und Metall.\",\"description\":\"Lieferung von: Einzelteilen, Komponenten und Systemen aus Stahl, Edelstahl und Aluminium.\",\"potentialAction\":[{\"@type\":\"SearchAction\",\"target\":{\"@type\":\"EntryPoint\",\"urlTemplate\":\"https:\/\/www.dax-metallform.de\/?s={search_term_string}\"},\"query-input\":{\"@type\":\"PropertyValueSpecification\",\"valueRequired\":true,\"valueName\":\"search_term_string\"}}],\"inLanguage\":\"de\"}]}<\/script>\n<!-- \/ Yoast SEO plugin. -->","yoast_head_json":{"title":"Ausbildung - DAX MetallForm in Cochem Brauheck.","description":"Mit 140 Mitarbeiter:innen sind wir im Raum Cochem einer der gro\u00dfen Arbeitgeber. Ausbildung zum Metallbauer m\/w\/d. Jetzt bewerben!","robots":{"index":"index","follow":"follow","max-snippet":"max-snippet:-1","max-image-preview":"max-image-preview:large","max-video-preview":"max-video-preview:-1"},"canonical":"https:\/\/www.dax-metallform.de\/?page_id=335","og_locale":"de_DE","og_type":"article","og_title":"Ausbildung - DAX MetallForm in Cochem Brauheck.","og_description":"Mit 140 Mitarbeiter:innen sind wir im Raum Cochem einer der gro\u00dfen Arbeitgeber. Ausbildung zum Metallbauer m\/w\/d. Jetzt bewerben!","og_url":"https:\/\/www.dax-metallform.de\/?page_id=335","og_site_name":"DAX MetallForm GmbH &amp; Co. KG | Sonderl\u00f6sungen in Blech und Metall.","article_modified_time":"2022-09-26T15:25:39+00:00","twitter_card":"summary_large_image","twitter_misc":{"Gesch\u00e4tzte Lesezeit":"6\u00a0Minuten"},"schema":{"@context":"https:\/\/schema.org","@graph":[{"@type":"WebPage","@id":"https:\/\/www.dax-metallform.de\/?page_id=335","url":"https:\/\/www.dax-metallform.de\/?page_id=335","name":"Ausbildung - DAX MetallForm in Cochem Brauheck.","isPartOf":{"@id":"https:\/\/www.dax-metallform.de\/#website"},"datePublished":"2017-12-04T12:17:20+00:00","dateModified":"2022-09-26T15:25:39+00:00","description":"Mit 140 Mitarbeiter:innen sind wir im Raum Cochem einer der gro\u00dfen Arbeitgeber. Ausbildung zum Metallbauer m\/w\/d. Jetzt bewerben!","breadcrumb":{"@id":"https:\/\/www.dax-metallform.de\/?page_id=335#breadcrumb"},"inLanguage":"de","potentialAction":[{"@type":"ReadAction","target":["https:\/\/www.dax-metallform.de\/?page_id=335"]}]},{"@type":"BreadcrumbList","@id":"https:\/\/www.dax-metallform.de\/?page_id=335#breadcrumb","itemListElement":[{"@type":"ListItem","position":1,"name":"Startseite","item":"https:\/\/www.dax-metallform.de\/"},{"@type":"ListItem","position":2,"name":"Ausbildung"}]},{"@type":"WebSite","@id":"https:\/\/www.dax-metallform.de\/#website","url":"https:\/\/www.dax-metallform.de\/","name":"DAX MetallForm GmbH &amp; Co. KG | Sonderl\u00f6sungen in Blech und Metall.","description":"Lieferung von: Einzelteilen, Komponenten und Systemen aus Stahl, Edelstahl und Aluminium.","potentialAction":[{"@type":"SearchAction","target":{"@type":"EntryPoint","urlTemplate":"https:\/\/www.dax-metallform.de\/?s={search_term_string}"},"query-input":{"@type":"PropertyValueSpecification","valueRequired":true,"valueName":"search_term_string"}}],"inLanguage":"de"}]}},"_links":{"self":[{"href":"https:\/\/www.dax-metallform.de\/index.php?rest_route=\/wp\/v2\/pages\/335","targetHints":{"allow":["GET"]}}],"collection":[{"href":"https:\/\/www.dax-metallform.de\/index.php?rest_route=\/wp\/v2\/pages"}],"about":[{"href":"https:\/\/www.dax-metallform.de\/index.php?rest_route=\/wp\/v2\/types\/page"}],"author":[{"embeddable":true,"href":"https:\/\/www.dax-metallform.de\/index.php?rest_route=\/wp\/v2\/users\/1"}],"replies":[{"embeddable":true,"href":"https:\/\/www.dax-metallform.de\/index.php?rest_route=%2Fwp%2Fv2%2Fcomments&post=335"}],"version-history":[{"count":75,"href":"https:\/\/www.dax-metallform.de\/index.php?rest_route=\/wp\/v2\/pages\/335\/revisions"}],"predecessor-version":[{"id":982,"href":"https:\/\/www.dax-metallform.de\/index.php?rest_route=\/wp\/v2\/pages\/335\/revisions\/982"}],"wp:attachment":[{"href":"https:\/\/www.dax-metallform.de\/index.php?rest_route=%2Fwp%2Fv2%2Fmedia&parent=335"}],"curies":[{"name":"wp","href":"https:\/\/api.w.org\/{rel}","templated":true}]}}