{"id":907,"date":"2021-05-11T10:41:27","date_gmt":"2021-05-11T08:41:27","guid":{"rendered":"https:\/\/www.dax-metallform.de\/?page_id=907"},"modified":"2026-03-31T09:14:56","modified_gmt":"2026-03-31T07:14:56","slug":"jobs","status":"publish","type":"page","link":"https:\/\/www.dax-metallform.de\/?page_id=907","title":{"rendered":"Stellenmarkt"},"content":{"rendered":"<div id=\"cs-content\" class=\"cs-content\"><div class=\"x-section e907-e1 mp7-0\"><div class=\"x-container max width e907-e2 mp7-1\"><div class=\"x-column x-sm x-1-1 e907-e3 mp7-2\"><h1  class=\"h-custom-headline h2\" ><span>Stellenmarkt<\/span><\/h1><div id=\"\" class=\"x-text\" style=\"\" ><p>Mit \u00fcber 110 Mitarbeiter:innen sind wir im Raum Cochem einer der gr\u00f6\u00dften Arbeitgeber.<br \/>\nDamit wir auch in Zukunft erfolgreich bleiben, brauchen wir bestens ausgebildete Fachkr\u00e4fte.<\/p>\n<\/div><\/div><\/div><\/div><div id=\"x-section-1\" class=\"x-section\" style=\"margin: 0px;padding: 5% 0px; background-color: #007f86;\" ><div id=\"\" class=\"x-container max width\" style=\"margin: 0px auto;padding: 0px;\" ><div  class=\"x-column x-sm x-1-2\" style=\"padding: 0px;\" ><h2  class=\"h-custom-headline man h2\" style=\"font-size: 2.5em; color: #fff;\"><span>Assistenz der Gesch\u00e4ftsleitung (m\/w\/d)<\/span><\/h2><div id=\"\" class=\"x-text\" style=\"margin: 0.5em 0 2em; font-size: 1.5em; color: rgba(255, 255, 255, 100);\" ><p>Sie unterst\u00fctzen nach einer umfangreichen Einarbeitung die Gesch\u00e4ftsleitung. <\/p>\n<\/div><\/div><div  class=\"x-column x-sm x-1-2\" style=\"padding: 0px;\" ><h3  class=\"h-custom-headline h5\" style=\"margin: 0 0 0.75em; border-bottom: 1px solid rgba(255, 255, 255, 0.25); padding: 0 0 0.75em; color: #fff; font-size: 1em; letter-spacing: 0.05em; text-transform: uppercase;\"><span>Aufgaben und Anforderungen<\/span><\/h3><div id=\"\" class=\"x-text\" style=\"color: white;\" ><p>Sie haben vorzugsweise ein Diplom, Master oder Bachelor der Betriebswirtschaftslehre, im Ingenieurwesen oder eine kaufm\u00e4nnische\/technische Ausbildung mit Berufserfahrung und einschl\u00e4giger Weiterbildung.<\/p>\n<p>Zu Ihren Aufgaben z\u00e4hlen die Vertriebsunterst\u00fctzung, die Personalentwicklung sowie die Kl\u00e4rung und Koordination von kaufm\u00e4nnischen Sonderaufgaben, die eine \u00fcbergeordnete Befugnis erfordern.<br \/>\nDar\u00fcber hinaus unterst\u00fctzen Sie den Standardisierungsprozess im Rahmen der Digitalisierung auf dem Weg zur Industrie 4.0.<\/p>\n<\/div><a  class=\"x-btn x-btn-global\" style=\"background-color:#fff; color:#E0341F; text-shadow:none;\" href=\"V2\/downloads\/DAXMF_Assistenz_GL.pdf\" title=\"Download Stellenbeschreibung\"    data-options=\"thumbnail: ''\">Download Stellenbeschreibung<\/a><\/div><\/div><\/div><div id=\"x-section-2\" class=\"x-section\" style=\"margin: 0px;padding: 5% 0px; background-color: hsla(183, 100%, 26%, 0.92);\" ><div id=\"\" class=\"x-container max width\" style=\"margin: 0px auto;padding: 0px;\" ><div  class=\"x-column x-sm x-1-2\" style=\"padding: 0px;\" ><h2  class=\"h-custom-headline man h2\" style=\"font-size: 2.5em; color: #fff;\"><span>Auszubildende Metallbauer Konstruktionstechnik<\/span><\/h2><\/div><div  class=\"x-column x-sm x-1-2\" style=\"padding: 0px;\" ><h3  class=\"h-custom-headline h5\" style=\"margin: 0 0 0.75em; border-bottom: 1px solid rgba(255, 255, 255, 0.25); padding: 0 0 0.75em; color: #fff; font-size: 1em; letter-spacing: 0.05em; text-transform: uppercase;\"><span>Aufgaben und Anforderungen<\/span><\/h3><div id=\"\" class=\"x-text\" style=\"\" ><p><span style=\"color: #ffffff;\">Wir bieten Dir eine abwechslungsreiche Ausbildung, in der Du von der Handarbeit bis zur Bedienung modernster CNC-Maschinen alles lernst - und das in einem jungen und netten Team.<\/p>\n<\/div><a  class=\"x-btn x-btn-global\" style=\"background-color:#fff; text-shadow:none;color:#E0341F;\" href=\"mailto:info@dax-metallform.de\" title=\"E-Mail\"    data-options=\"thumbnail: ''\">Jetzt bewerben ...<\/a><\/div><\/div><\/div><div id=\"x-section-3\" class=\"x-section\" style=\"margin: 0px;padding: 5% 0px; background-color: hsla(183, 100%, 26%, 0.84);\" ><div id=\"\" class=\"x-container max width\" style=\"margin: 0px auto;padding: 0px;\" ><div  class=\"x-column x-sm x-1-2\" style=\"padding: 0px;\" ><h2  class=\"h-custom-headline man h2\" style=\"font-size: 2.5em; color: #fff;\"><span>Mitarbeiter:in Industrial Engineering (m\/w\/d)<\/span><\/h2><div id=\"\" class=\"x-text\" style=\"margin: 0.5em 0 2em; font-size: 1.5em; color: rgba(255, 255, 255, 100);\" ><\/div><\/div><div  class=\"x-column x-sm x-1-2\" style=\"padding: 0px;\" ><h3  class=\"h-custom-headline h5\" style=\"margin: 0 0 0.75em; border-bottom: 1px solid rgba(255, 255, 255, 0.25); padding: 0 0 0.75em; color: #fff; font-size: 1em; letter-spacing: 0.05em; text-transform: uppercase;\"><span>Aufgaben und Anforderungen<\/span><\/h3><div id=\"\" class=\"x-text\" style=\"\" ><p><span style=\"color: #ffffff;\">In Ihrer Rolle als Mitarbeiter:in im Bereich Industrial Engineering treiben Sie die technische und organisatorische Weiterentwicklung unserer Produktionsprozesse aktiv voran. Sie verbinden Mensch, Maschine und Methode \u2013 praxisnah, analytisch und immer mit dem Blick auf das gro\u00dfe Ganze.<br \/>\n<\/span><\/p>\n<\/div><a  class=\"x-btn x-btn-global\" style=\"background-color:#fff; color:#E0341F; text-shadow:none;\" href=\"V2\/downloads\/DAXMF_IndustrialEngineering.pdf\" title=\"Download Stellenbeschreibung\" target=\"_blank\" rel=\"noopener noreferrer\"   data-options=\"thumbnail: ''\">Download Stellenbeschreibung<\/a><\/div><\/div><\/div><div id=\"x-section-4\" class=\"x-section\" style=\"margin: 0px;padding: 5% 0px; background-color: hsla(183, 100%, 26%, 0.75);\" ><div id=\"\" class=\"x-container max width\" style=\"margin: 0px auto;padding: 0px;\" ><div  class=\"x-column x-sm x-1-2\" style=\"padding: 0px;\" ><h2  class=\"h-custom-headline man h2\" style=\"font-size: 2.5em; color: #fff;\"><span>Mitarbeiter:in in der Blechkonstruktion (m\/w\/d)<\/span><\/h2><div id=\"\" class=\"x-text\" style=\"margin: 0.5em 0 2em; font-size: 1.5em; color: rgba(255, 255, 255, 100);\" ><\/div><\/div><div  class=\"x-column x-sm x-1-2\" style=\"padding: 0px;\" ><h3  class=\"h-custom-headline h5\" style=\"margin: 0 0 0.75em; border-bottom: 1px solid rgba(255, 255, 255, 0.25); padding: 0 0 0.75em; color: #fff; font-size: 1em; letter-spacing: 0.05em; text-transform: uppercase;\"><span>Aufgaben und Anforderungen<\/span><\/h3><div id=\"\" class=\"x-text\" style=\"\" ><p><span style=\"color: #ffffff;\"> Sie \u00fcbernehmen Verantwortung f\u00fcr die Entwicklung komplexer Blechkonstruktionen \u2013 von der ersten Idee bis zur fertigungsgerechten Umsetzung. Dabei stehen Ihnen moderne Tools zur Verf\u00fcgung, und Sie sind Teil eines erfahrenen Teams mit kurzen Wegen und echtem Teamgeist. <\/span><\/p>\n<\/div><a  class=\"x-btn x-btn-global\" style=\"background-color:#fff; color:#E0341F; text-shadow:none;\" href=\"V2\/downloads\/DAXMF_Mitar_Blechkonstruktion.pdf\" title=\"Download Stellenbeschreibung\" target=\"_blank\" rel=\"noopener noreferrer\"   data-options=\"thumbnail: ''\">Download Stellenbeschreibung<\/a><\/div><\/div><\/div><div id=\"x-section-5\" class=\"x-section\" style=\"margin: 0px;padding: 5% 0px; background-color: hsla(183, 100%, 26%, 0.87);\" ><div id=\"\" class=\"x-container max width\" style=\"margin: 0px auto;padding: 0px;\" ><div  class=\"x-column x-sm x-1-2\" style=\"padding: 0px;\" ><h2  class=\"h-custom-headline man h2\" style=\"font-size: 2.5em; color: #fff;\"><span>LKW-Fahrer<\/span><\/h2><div id=\"\" class=\"x-text\" style=\"margin: 0.5em 0 2em; font-size: 1.5em; color: rgba(255, 255, 255, 100);\" ><p class=\"man\">f\u00fcr Tagestouren<\/p>\n<\/div><\/div><div  class=\"x-column x-sm x-1-2\" style=\"padding: 0px;\" ><h3  class=\"h-custom-headline h5\" style=\"margin: 0 0 0.75em; border-bottom: 1px solid rgba(255, 255, 255, 0.25); padding: 0 0 0.75em; color: #fff; font-size: 1em; letter-spacing: 0.05em; text-transform: uppercase;\"><span>Aufgaben und Anforderungen<\/span><\/h3><div id=\"\" class=\"x-text\" style=\"\" ><p><span style=\"color: #ffffff;\">Ihre Aufgaben:<br \/>\n  - Be- und Entladen von LKW<br \/>\n  - Auslieferung von Kunden-Ware im Umkreis bis ca. 300 km<br \/>\n  - innerbetrieblicher Transport von Ware zwischen beiden Produktionsst\u00e4tten Cochem-Brauheck<\/span><\/p>\n<p><span style=\"color: #ffffff;\">Ihr Profil:<br \/>\n  - LKW-F\u00fchrerschein, Klasse CE<br \/>\n- Fahrerfahrung mit einem Flurf\u00f6rderzeug w\u00e4re hilfreich, aber nicht zwingend erforderlich<br \/>\n- absolute Zuverl\u00e4ssigkeit<\/span><\/p>\n<\/div><a  class=\"x-btn x-btn-global\" style=\"background-color:#fff; color:#E0341F; text-shadow:none;\" href=\"mailto:personal@dax-metallform.de\" title=\"E-Mail\"    data-options=\"thumbnail: ''\">Jetzt bewerben ...<\/a><\/div><\/div><\/div><div id=\"x-section-6\" class=\"x-section\" style=\"margin: 0px;padding: 5% 0px; background-color: hsl(183, 100%, 26%);\" ><div id=\"\" class=\"x-container max width\" style=\"margin: 0px auto;padding: 0px;\" ><div  class=\"x-column x-sm x-1-2\" style=\"padding: 0px;\" ><h2  class=\"h-custom-headline man h2\" style=\"font-size: 2.5em; color: #fff;\"><span>Schwei\u00dfer<\/span><\/h2><div id=\"\" class=\"x-text\" style=\"margin: 0.5em 0 2em; font-size: 1.5em; color: rgba(255, 255, 255, 100);\" ><p class=\"man\">Zur Fertigung von Bauteilen aus Stahl und Edelstahl suchen wir Schwei\u00dfer f\u00fcr die Verfahren MIG, MAG und WIG.<\/p>\n<\/div><\/div><div  class=\"x-column x-sm x-1-2\" style=\"padding: 0px;\" ><h3  class=\"h-custom-headline h5\" style=\"margin: 0 0 0.75em; border-bottom: 1px solid rgba(255, 255, 255, 0.25); padding: 0 0 0.75em; color: #fff; font-size: 1em; letter-spacing: 0.05em; text-transform: uppercase;\"><span>Aufgaben und Anforderungen<\/span><\/h3><div id=\"\" class=\"x-text\" style=\"\" ><p><span style=\"color: #ffffff;\">F\u00fcr unseren Schwei\u00dfbereich suchen wir Mitarbeiter zur Fertigung von Baugruppen aus Stahl und Edelstahl im Zweischichtbetrieb mit den Verfahren MIG, MAG und WIG. Sie k\u00f6nnen Zeichnungen lesen und haben Erfahrung im Umgang mit Blech oder m\u00f6chten es lernen.<\/p>\n<\/div><a  class=\"x-btn x-btn-global\" style=\"background-color:#fff; color:#E0341F; text-shadow:none;\" href=\"mailto:personal@dax-metallform.de\" title=\"E-Mail\"    data-options=\"thumbnail: ''\">Jetzt bewerben ...<\/a><\/div><\/div><\/div><div id=\"x-section-7\" class=\"x-section black\" style=\"margin: 0px;padding: 5% 0px; background-color: #efefef;\" ><div id=\"\" class=\"x-container max width\" style=\"margin: 0px auto;padding: 0px;\" ><div  class=\"x-column x-sm x-1-1\" style=\"padding: 0px;\" ><div id=\"\" class=\"x-text\" style=\"color: #ff551d, margin: 0.5em 0 2em; font-size: 1.0em;\" ><p>Wenn Sie neben Ihrer fachlichen Qualifikation \u00fcber gute Teamf\u00e4higkeit verf\u00fcgen, dann freuen wir uns auf Ihre aussagef\u00e4hige Bewerbung. E-Mail: <a href=\"mailto:personal@dax-metallform.de\">personal@dax-metallform.de<\/a><\/p>\n<\/div><\/div><\/div><\/div><\/div>\n","protected":false},"excerpt":{"rendered":"<p>StellenmarktMit \u00fcber 110 Mitarbeiter:innen sind wir im Raum Cochem einer der gr\u00f6\u00dften Arbeitgeber. Damit wir auch in Zukunft erfolgreich bleiben, brauchen wir bestens ausgebildete Fachkr\u00e4fte. Assistenz der Gesch\u00e4ftsleitung (m\/w\/d)Sie unterst\u00fctzen nach einer umfangreichen Einarbeitung die Gesch\u00e4ftsleitung. Aufgaben und AnforderungenSie haben vorzugsweise ein Diplom, Master oder Bachelor der Betriebswirtschaftslehre, im Ingenieurwesen oder eine kaufm\u00e4nnische\/technische Ausbildung mit Berufserfahrung und einschl\u00e4giger Weiterbildung. Zu &#8230;<\/p>\n","protected":false},"author":1,"featured_media":0,"parent":0,"menu_order":0,"comment_status":"closed","ping_status":"closed","template":"template-blank-4.php","meta":{"footnotes":""},"class_list":["post-907","page","type-page","status-publish","hentry","no-post-thumbnail"],"yoast_head":"<!-- This site is optimized with the Yoast SEO plugin v26.8 - https:\/\/yoast.com\/product\/yoast-seo-wordpress\/ -->\n<title>Stellenmarkt - DAX MetallForm GmbH &amp; Co. KG | Sonderl\u00f6sungen in Blech und Metall.<\/title>\n<meta name=\"robots\" content=\"index, follow, max-snippet:-1, max-image-preview:large, max-video-preview:-1\" \/>\n<link rel=\"canonical\" href=\"https:\/\/www.dax-metallform.de\/?page_id=907\" \/>\n<meta property=\"og:locale\" content=\"de_DE\" \/>\n<meta property=\"og:type\" content=\"article\" \/>\n<meta property=\"og:title\" content=\"Stellenmarkt - DAX MetallForm GmbH &amp; Co. KG | Sonderl\u00f6sungen in Blech und Metall.\" \/>\n<meta property=\"og:description\" content=\"StellenmarktMit \u00fcber 110 Mitarbeiter:innen sind wir im Raum Cochem einer der gr\u00f6\u00dften Arbeitgeber. Damit wir auch in Zukunft erfolgreich bleiben, brauchen wir bestens ausgebildete Fachkr\u00e4fte. Assistenz der Gesch\u00e4ftsleitung (m\/w\/d)Sie unterst\u00fctzen nach einer umfangreichen Einarbeitung die Gesch\u00e4ftsleitung. Aufgaben und AnforderungenSie haben vorzugsweise ein Diplom, Master oder Bachelor der Betriebswirtschaftslehre, im Ingenieurwesen oder eine kaufm\u00e4nnische\/technische Ausbildung mit Berufserfahrung und einschl\u00e4giger Weiterbildung. Zu ...\" \/>\n<meta property=\"og:url\" content=\"https:\/\/www.dax-metallform.de\/?page_id=907\" \/>\n<meta property=\"og:site_name\" content=\"DAX MetallForm GmbH &amp; Co. KG | Sonderl\u00f6sungen in Blech und Metall.\" \/>\n<meta property=\"article:modified_time\" content=\"2026-03-31T07:14:56+00:00\" \/>\n<meta name=\"twitter:card\" content=\"summary_large_image\" \/>\n<meta name=\"twitter:label1\" content=\"Gesch\u00e4tzte Lesezeit\" \/>\n\t<meta name=\"twitter:data1\" content=\"4\u00a0Minuten\" \/>\n<script type=\"application\/ld+json\" class=\"yoast-schema-graph\">{\"@context\":\"https:\/\/schema.org\",\"@graph\":[{\"@type\":\"WebPage\",\"@id\":\"https:\/\/www.dax-metallform.de\/?page_id=907\",\"url\":\"https:\/\/www.dax-metallform.de\/?page_id=907\",\"name\":\"Stellenmarkt - DAX MetallForm GmbH &amp; Co. KG | Sonderl\u00f6sungen in Blech und Metall.\",\"isPartOf\":{\"@id\":\"https:\/\/www.dax-metallform.de\/#website\"},\"datePublished\":\"2021-05-11T08:41:27+00:00\",\"dateModified\":\"2026-03-31T07:14:56+00:00\",\"breadcrumb\":{\"@id\":\"https:\/\/www.dax-metallform.de\/?page_id=907#breadcrumb\"},\"inLanguage\":\"de\",\"potentialAction\":[{\"@type\":\"ReadAction\",\"target\":[\"https:\/\/www.dax-metallform.de\/?page_id=907\"]}]},{\"@type\":\"BreadcrumbList\",\"@id\":\"https:\/\/www.dax-metallform.de\/?page_id=907#breadcrumb\",\"itemListElement\":[{\"@type\":\"ListItem\",\"position\":1,\"name\":\"Startseite\",\"item\":\"https:\/\/www.dax-metallform.de\/\"},{\"@type\":\"ListItem\",\"position\":2,\"name\":\"Stellenmarkt\"}]},{\"@type\":\"WebSite\",\"@id\":\"https:\/\/www.dax-metallform.de\/#website\",\"url\":\"https:\/\/www.dax-metallform.de\/\",\"name\":\"DAX MetallForm GmbH &amp; Co. KG | Sonderl\u00f6sungen in Blech und Metall.\",\"description\":\"Lieferung von: Einzelteilen, Komponenten und Systemen aus Stahl, Edelstahl und Aluminium.\",\"potentialAction\":[{\"@type\":\"SearchAction\",\"target\":{\"@type\":\"EntryPoint\",\"urlTemplate\":\"https:\/\/www.dax-metallform.de\/?s={search_term_string}\"},\"query-input\":{\"@type\":\"PropertyValueSpecification\",\"valueRequired\":true,\"valueName\":\"search_term_string\"}}],\"inLanguage\":\"de\"}]}<\/script>\n<!-- \/ Yoast SEO plugin. -->","yoast_head_json":{"title":"Stellenmarkt - DAX MetallForm GmbH &amp; Co. KG | Sonderl\u00f6sungen in Blech und Metall.","robots":{"index":"index","follow":"follow","max-snippet":"max-snippet:-1","max-image-preview":"max-image-preview:large","max-video-preview":"max-video-preview:-1"},"canonical":"https:\/\/www.dax-metallform.de\/?page_id=907","og_locale":"de_DE","og_type":"article","og_title":"Stellenmarkt - DAX MetallForm GmbH &amp; Co. KG | Sonderl\u00f6sungen in Blech und Metall.","og_description":"StellenmarktMit \u00fcber 110 Mitarbeiter:innen sind wir im Raum Cochem einer der gr\u00f6\u00dften Arbeitgeber. Damit wir auch in Zukunft erfolgreich bleiben, brauchen wir bestens ausgebildete Fachkr\u00e4fte. Assistenz der Gesch\u00e4ftsleitung (m\/w\/d)Sie unterst\u00fctzen nach einer umfangreichen Einarbeitung die Gesch\u00e4ftsleitung. Aufgaben und AnforderungenSie haben vorzugsweise ein Diplom, Master oder Bachelor der Betriebswirtschaftslehre, im Ingenieurwesen oder eine kaufm\u00e4nnische\/technische Ausbildung mit Berufserfahrung und einschl\u00e4giger Weiterbildung. Zu ...","og_url":"https:\/\/www.dax-metallform.de\/?page_id=907","og_site_name":"DAX MetallForm GmbH &amp; Co. KG | Sonderl\u00f6sungen in Blech und Metall.","article_modified_time":"2026-03-31T07:14:56+00:00","twitter_card":"summary_large_image","twitter_misc":{"Gesch\u00e4tzte Lesezeit":"4\u00a0Minuten"},"schema":{"@context":"https:\/\/schema.org","@graph":[{"@type":"WebPage","@id":"https:\/\/www.dax-metallform.de\/?page_id=907","url":"https:\/\/www.dax-metallform.de\/?page_id=907","name":"Stellenmarkt - DAX MetallForm GmbH &amp; Co. KG | Sonderl\u00f6sungen in Blech und Metall.","isPartOf":{"@id":"https:\/\/www.dax-metallform.de\/#website"},"datePublished":"2021-05-11T08:41:27+00:00","dateModified":"2026-03-31T07:14:56+00:00","breadcrumb":{"@id":"https:\/\/www.dax-metallform.de\/?page_id=907#breadcrumb"},"inLanguage":"de","potentialAction":[{"@type":"ReadAction","target":["https:\/\/www.dax-metallform.de\/?page_id=907"]}]},{"@type":"BreadcrumbList","@id":"https:\/\/www.dax-metallform.de\/?page_id=907#breadcrumb","itemListElement":[{"@type":"ListItem","position":1,"name":"Startseite","item":"https:\/\/www.dax-metallform.de\/"},{"@type":"ListItem","position":2,"name":"Stellenmarkt"}]},{"@type":"WebSite","@id":"https:\/\/www.dax-metallform.de\/#website","url":"https:\/\/www.dax-metallform.de\/","name":"DAX MetallForm GmbH &amp; Co. KG | Sonderl\u00f6sungen in Blech und Metall.","description":"Lieferung von: Einzelteilen, Komponenten und Systemen aus Stahl, Edelstahl und Aluminium.","potentialAction":[{"@type":"SearchAction","target":{"@type":"EntryPoint","urlTemplate":"https:\/\/www.dax-metallform.de\/?s={search_term_string}"},"query-input":{"@type":"PropertyValueSpecification","valueRequired":true,"valueName":"search_term_string"}}],"inLanguage":"de"}]}},"_links":{"self":[{"href":"https:\/\/www.dax-metallform.de\/index.php?rest_route=\/wp\/v2\/pages\/907","targetHints":{"allow":["GET"]}}],"collection":[{"href":"https:\/\/www.dax-metallform.de\/index.php?rest_route=\/wp\/v2\/pages"}],"about":[{"href":"https:\/\/www.dax-metallform.de\/index.php?rest_route=\/wp\/v2\/types\/page"}],"author":[{"embeddable":true,"href":"https:\/\/www.dax-metallform.de\/index.php?rest_route=\/wp\/v2\/users\/1"}],"replies":[{"embeddable":true,"href":"https:\/\/www.dax-metallform.de\/index.php?rest_route=%2Fwp%2Fv2%2Fcomments&post=907"}],"version-history":[{"count":72,"href":"https:\/\/www.dax-metallform.de\/index.php?rest_route=\/wp\/v2\/pages\/907\/revisions"}],"predecessor-version":[{"id":1114,"href":"https:\/\/www.dax-metallform.de\/index.php?rest_route=\/wp\/v2\/pages\/907\/revisions\/1114"}],"wp:attachment":[{"href":"https:\/\/www.dax-metallform.de\/index.php?rest_route=%2Fwp%2Fv2%2Fmedia&parent=907"}],"curies":[{"name":"wp","href":"https:\/\/api.w.org\/{rel}","templated":true}]}}