{"id":93,"date":"2016-08-05T11:41:59","date_gmt":"2016-08-05T09:41:59","guid":{"rendered":"http:\/\/www.dax-metallform.de\/V2\/facilities\/"},"modified":"2021-03-29T12:47:21","modified_gmt":"2021-03-29T10:47:21","slug":"facilities","status":"publish","type":"page","link":"https:\/\/www.dax-metallform.de\/?page_id=93","title":{"rendered":"Produktion"},"content":{"rendered":"<div id=\"cs-content\" class=\"cs-content\"><\/div>\n","protected":false},"excerpt":{"rendered":"<p>ProduktionEin moderner Maschinenpark und gut ausgebildete Mitarbeiter erm\u00f6glichen die Produktion von hochwertigen Konstruktionsteilen f\u00fcr unterschiedliche Anwendungsbereiche. Langj\u00e4hrige Erfahrung im Metallbau und kontinuierliche Weiterentwicklung haben unseren Produktionsbetrieb ma\u00dfgeblich beeinflusst und zu einem modernen Zulieferer der Investitionsg\u00fcterindustrie gemacht. BlechzuschnittBlechzuschnitte fertigen wir auf 2 Laserschneidanlagen mit 4 kW Leistung bis zu einer Tafelgr\u00f6\u00dfe von 4000 x 2000 mm und maximalen Blechst\u00e4rken bei Aluminium &#8230;<\/p>\n","protected":false},"author":1,"featured_media":0,"parent":0,"menu_order":0,"comment_status":"closed","ping_status":"closed","template":"template-blank-4.php","meta":{"footnotes":""},"class_list":["post-93","page","type-page","status-publish","hentry","no-post-thumbnail"],"yoast_head":"<!-- This site is optimized with the Yoast SEO plugin v26.8 - https:\/\/yoast.com\/product\/yoast-seo-wordpress\/ -->\n<title>Produktion - DAX MetallForm in Cochem Brauheck.<\/title>\n<meta name=\"description\" content=\"Langj\u00e4hrige Erfahrung im Blechzuschnitt, Stangenzuschnitt, Blechumformung, Schwei\u00dfen, Beschichtung, Montage, Qualtit\u00e4tssicherung, Logistik...\" \/>\n<meta name=\"robots\" content=\"index, follow, max-snippet:-1, max-image-preview:large, max-video-preview:-1\" \/>\n<link rel=\"canonical\" href=\"https:\/\/www.dax-metallform.de\/?page_id=93\" \/>\n<meta property=\"og:locale\" content=\"de_DE\" \/>\n<meta property=\"og:type\" content=\"article\" \/>\n<meta property=\"og:title\" content=\"Produktion - DAX MetallForm in Cochem Brauheck.\" \/>\n<meta property=\"og:description\" content=\"Langj\u00e4hrige Erfahrung im Blechzuschnitt, Stangenzuschnitt, Blechumformung, Schwei\u00dfen, Beschichtung, Montage, Qualtit\u00e4tssicherung, Logistik...\" \/>\n<meta property=\"og:url\" content=\"https:\/\/www.dax-metallform.de\/?page_id=93\" \/>\n<meta property=\"og:site_name\" content=\"DAX MetallForm GmbH &amp; Co. KG | Sonderl\u00f6sungen in Blech und Metall.\" \/>\n<meta property=\"article:modified_time\" content=\"2021-03-29T10:47:21+00:00\" \/>\n<meta name=\"twitter:card\" content=\"summary_large_image\" \/>\n<meta name=\"twitter:label1\" content=\"Gesch\u00e4tzte Lesezeit\" \/>\n\t<meta name=\"twitter:data1\" content=\"5\u00a0Minuten\" \/>\n<script type=\"application\/ld+json\" class=\"yoast-schema-graph\">{\"@context\":\"https:\/\/schema.org\",\"@graph\":[{\"@type\":\"WebPage\",\"@id\":\"https:\/\/www.dax-metallform.de\/?page_id=93\",\"url\":\"https:\/\/www.dax-metallform.de\/?page_id=93\",\"name\":\"Produktion - DAX MetallForm in Cochem Brauheck.\",\"isPartOf\":{\"@id\":\"https:\/\/www.dax-metallform.de\/#website\"},\"datePublished\":\"2016-08-05T09:41:59+00:00\",\"dateModified\":\"2021-03-29T10:47:21+00:00\",\"description\":\"Langj\u00e4hrige Erfahrung im Blechzuschnitt, Stangenzuschnitt, Blechumformung, Schwei\u00dfen, Beschichtung, Montage, Qualtit\u00e4tssicherung, Logistik...\",\"breadcrumb\":{\"@id\":\"https:\/\/www.dax-metallform.de\/?page_id=93#breadcrumb\"},\"inLanguage\":\"de\",\"potentialAction\":[{\"@type\":\"ReadAction\",\"target\":[\"https:\/\/www.dax-metallform.de\/?page_id=93\"]}]},{\"@type\":\"BreadcrumbList\",\"@id\":\"https:\/\/www.dax-metallform.de\/?page_id=93#breadcrumb\",\"itemListElement\":[{\"@type\":\"ListItem\",\"position\":1,\"name\":\"Startseite\",\"item\":\"https:\/\/www.dax-metallform.de\/\"},{\"@type\":\"ListItem\",\"position\":2,\"name\":\"Produktion\"}]},{\"@type\":\"WebSite\",\"@id\":\"https:\/\/www.dax-metallform.de\/#website\",\"url\":\"https:\/\/www.dax-metallform.de\/\",\"name\":\"DAX MetallForm GmbH &amp; Co. KG | Sonderl\u00f6sungen in Blech und Metall.\",\"description\":\"Lieferung von: Einzelteilen, Komponenten und Systemen aus Stahl, Edelstahl und Aluminium.\",\"potentialAction\":[{\"@type\":\"SearchAction\",\"target\":{\"@type\":\"EntryPoint\",\"urlTemplate\":\"https:\/\/www.dax-metallform.de\/?s={search_term_string}\"},\"query-input\":{\"@type\":\"PropertyValueSpecification\",\"valueRequired\":true,\"valueName\":\"search_term_string\"}}],\"inLanguage\":\"de\"}]}<\/script>\n<!-- \/ Yoast SEO plugin. -->","yoast_head_json":{"title":"Produktion - DAX MetallForm in Cochem Brauheck.","description":"Langj\u00e4hrige Erfahrung im Blechzuschnitt, Stangenzuschnitt, Blechumformung, Schwei\u00dfen, Beschichtung, Montage, Qualtit\u00e4tssicherung, Logistik...","robots":{"index":"index","follow":"follow","max-snippet":"max-snippet:-1","max-image-preview":"max-image-preview:large","max-video-preview":"max-video-preview:-1"},"canonical":"https:\/\/www.dax-metallform.de\/?page_id=93","og_locale":"de_DE","og_type":"article","og_title":"Produktion - DAX MetallForm in Cochem Brauheck.","og_description":"Langj\u00e4hrige Erfahrung im Blechzuschnitt, Stangenzuschnitt, Blechumformung, Schwei\u00dfen, Beschichtung, Montage, Qualtit\u00e4tssicherung, Logistik...","og_url":"https:\/\/www.dax-metallform.de\/?page_id=93","og_site_name":"DAX MetallForm GmbH &amp; Co. KG | Sonderl\u00f6sungen in Blech und Metall.","article_modified_time":"2021-03-29T10:47:21+00:00","twitter_card":"summary_large_image","twitter_misc":{"Gesch\u00e4tzte Lesezeit":"5\u00a0Minuten"},"schema":{"@context":"https:\/\/schema.org","@graph":[{"@type":"WebPage","@id":"https:\/\/www.dax-metallform.de\/?page_id=93","url":"https:\/\/www.dax-metallform.de\/?page_id=93","name":"Produktion - DAX MetallForm in Cochem Brauheck.","isPartOf":{"@id":"https:\/\/www.dax-metallform.de\/#website"},"datePublished":"2016-08-05T09:41:59+00:00","dateModified":"2021-03-29T10:47:21+00:00","description":"Langj\u00e4hrige Erfahrung im Blechzuschnitt, Stangenzuschnitt, Blechumformung, Schwei\u00dfen, Beschichtung, Montage, Qualtit\u00e4tssicherung, Logistik...","breadcrumb":{"@id":"https:\/\/www.dax-metallform.de\/?page_id=93#breadcrumb"},"inLanguage":"de","potentialAction":[{"@type":"ReadAction","target":["https:\/\/www.dax-metallform.de\/?page_id=93"]}]},{"@type":"BreadcrumbList","@id":"https:\/\/www.dax-metallform.de\/?page_id=93#breadcrumb","itemListElement":[{"@type":"ListItem","position":1,"name":"Startseite","item":"https:\/\/www.dax-metallform.de\/"},{"@type":"ListItem","position":2,"name":"Produktion"}]},{"@type":"WebSite","@id":"https:\/\/www.dax-metallform.de\/#website","url":"https:\/\/www.dax-metallform.de\/","name":"DAX MetallForm GmbH &amp; Co. KG | Sonderl\u00f6sungen in Blech und Metall.","description":"Lieferung von: Einzelteilen, Komponenten und Systemen aus Stahl, Edelstahl und Aluminium.","potentialAction":[{"@type":"SearchAction","target":{"@type":"EntryPoint","urlTemplate":"https:\/\/www.dax-metallform.de\/?s={search_term_string}"},"query-input":{"@type":"PropertyValueSpecification","valueRequired":true,"valueName":"search_term_string"}}],"inLanguage":"de"}]}},"_links":{"self":[{"href":"https:\/\/www.dax-metallform.de\/index.php?rest_route=\/wp\/v2\/pages\/93","targetHints":{"allow":["GET"]}}],"collection":[{"href":"https:\/\/www.dax-metallform.de\/index.php?rest_route=\/wp\/v2\/pages"}],"about":[{"href":"https:\/\/www.dax-metallform.de\/index.php?rest_route=\/wp\/v2\/types\/page"}],"author":[{"embeddable":true,"href":"https:\/\/www.dax-metallform.de\/index.php?rest_route=\/wp\/v2\/users\/1"}],"replies":[{"embeddable":true,"href":"https:\/\/www.dax-metallform.de\/index.php?rest_route=%2Fwp%2Fv2%2Fcomments&post=93"}],"version-history":[{"count":37,"href":"https:\/\/www.dax-metallform.de\/index.php?rest_route=\/wp\/v2\/pages\/93\/revisions"}],"predecessor-version":[{"id":899,"href":"https:\/\/www.dax-metallform.de\/index.php?rest_route=\/wp\/v2\/pages\/93\/revisions\/899"}],"wp:attachment":[{"href":"https:\/\/www.dax-metallform.de\/index.php?rest_route=%2Fwp%2Fv2%2Fmedia&parent=93"}],"curies":[{"name":"wp","href":"https:\/\/api.w.org\/{rel}","templated":true}]}}